
{"id":2,"date":"2009-06-05T19:41:26","date_gmt":"2009-06-05T17:41:26","guid":{"rendered":"http:\/\/www.rsync.pl\/?page_id=2"},"modified":"2009-06-09T14:43:39","modified_gmt":"2009-06-09T12:43:39","slug":"info","status":"publish","type":"page","link":"https:\/\/www.rsync.pl\/?page_id=2","title":{"rendered":"Informacje"},"content":{"rendered":"<p>To jest strona w kt\u00f3rej b\u0119d\u0119 opisywa\u0142 czym si\u0119 zajmuj\u0119 i interesuj\u0119.<\/p>\n","protected":false},"excerpt":{"rendered":"<p>To jest strona w kt\u00f3rej b\u0119d\u0119 opisywa\u0142 czym si\u0119 zajmuj\u0119 i interesuj\u0119.<\/p>\n","protected":false},"author":1,"featured_media":0,"parent":0,"menu_order":0,"comment_status":"closed","ping_status":"open","template":"","meta":{"_s2mail":"","footnotes":""},"class_list":["post-2","page","type-page","status-publish","hentry"],"_links":{"self":[{"href":"https:\/\/www.rsync.pl\/index.php?rest_route=\/wp\/v2\/pages\/2","targetHints":{"allow":["GET"]}}],"collection":[{"href":"https:\/\/www.rsync.pl\/index.php?rest_route=\/wp\/v2\/pages"}],"about":[{"href":"https:\/\/www.rsync.pl\/index.php?rest_route=\/wp\/v2\/types\/page"}],"author":[{"embeddable":true,"href":"https:\/\/www.rsync.pl\/index.php?rest_route=\/wp\/v2\/users\/1"}],"replies":[{"embeddable":true,"href":"https:\/\/www.rsync.pl\/index.php?rest_route=%2Fwp%2Fv2%2Fcomments&post=2"}],"version-history":[{"count":2,"href":"https:\/\/www.rsync.pl\/index.php?rest_route=\/wp\/v2\/pages\/2\/revisions"}],"predecessor-version":[{"id":76,"href":"https:\/\/www.rsync.pl\/index.php?rest_route=\/wp\/v2\/pages\/2\/revisions\/76"}],"wp:attachment":[{"href":"https:\/\/www.rsync.pl\/index.php?rest_route=%2Fwp%2Fv2%2Fmedia&parent=2"}],"curies":[{"name":"wp","href":"https:\/\/api.w.org\/{rel}","templated":true}]}}